{"id":3469,"date":"2026-03-12T11:28:15","date_gmt":"2026-03-12T10:28:15","guid":{"rendered":"https:\/\/www.klimmer-group.com\/?page_id=3469"},"modified":"2026-03-12T11:45:38","modified_gmt":"2026-03-12T10:45:38","slug":"agb","status":"publish","type":"page","link":"https:\/\/www.klimmer-group.com\/de\/agb\/","title":{"rendered":"AGB."},"content":{"rendered":"\n<style type=\"text\/css\" data-created_by=\"avia_inline_auto\" id=\"style-css-av-kl19pfep-2459710022a834173d8b7bcffca5226d\">\n.avia-section.av-kl19pfep-2459710022a834173d8b7bcffca5226d{\nbackground-repeat:no-repeat;\nbackground-image:url(https:\/\/www.klimmer-group.com\/wp-content\/uploads\/2021\/04\/Klimmergroup.jpg);\nbackground-position:50% 50%;\nbackground-attachment:scroll;\n}\n<\/style>\n<div id='special-teaser-section'  class='avia-section av-kl19pfep-2459710022a834173d8b7bcffca5226d main_color avia-section-default avia-no-border-styling  avia-builder-el-0  el_before_av_section  avia-builder-el-first  avia-full-stretch avia-bg-style-scroll av-minimum-height av-minimum-height-custom av-height-custom  container_wrap fullsize'  data-section-bg-repeat='stretch' data-av_minimum_height_px='600'><div class='container av-section-cont-open' style='height:600px'><main  role=\"main\" itemprop=\"mainContentOfPage\"  class='template-page content  av-content-full alpha units'><div class='post-entry post-entry-type-page post-entry-3469'><div class='entry-content-wrapper clearfix'>\n\n<style type=\"text\/css\" data-created_by=\"avia_inline_auto\" id=\"style-css-av-19drs5-58eedc59265c80df959b74971e665695\">\n.flex_column.av-19drs5-58eedc59265c80df959b74971e665695{\nborder-radius:0px 0px 0px 0px;\npadding:0px 0px 0px 0px;\n}\n<\/style>\n<div  id=\"special-teaser\"  class='flex_column av-19drs5-58eedc59265c80df959b74971e665695 av_one_full  avia-builder-el-1  avia-builder-el-no-sibling  first flex_column_div av-zero-column-padding  '     ><style type=\"text\/css\" data-created_by=\"avia_inline_auto\" id=\"style-css-av-kl19oq4f-bb5399790ccfa67460c374ab7498a3c9\">\n#top .av-special-heading.av-kl19oq4f-bb5399790ccfa67460c374ab7498a3c9{\npadding-bottom:10px;\n}\nbody .av-special-heading.av-kl19oq4f-bb5399790ccfa67460c374ab7498a3c9 .av-special-heading-tag .heading-char{\nfont-size:25px;\n}\n.av-special-heading.av-kl19oq4f-bb5399790ccfa67460c374ab7498a3c9 .av-subheading{\nfont-size:15px;\n}\n<\/style>\n<div  id=\"teaser-headline\"  class='av-special-heading av-kl19oq4f-bb5399790ccfa67460c374ab7498a3c9 av-special-heading-h1 blockquote modern-quote  avia-builder-el-2  avia-builder-el-no-sibling '><h1 class='av-special-heading-tag '  itemprop=\"headline\"  >AGB.<\/h1><div class=\"special-heading-border\"><div class=\"special-heading-inner-border\"><\/div><\/div><\/div><\/div>\n\n<\/div><\/div><\/main><!-- close content main element --><\/div><\/div><div id='av_section_2'  class='avia-section av-3ojst-7aad87f93885d5a245fe1d086aa2fb53 main_color avia-section-default avia-no-border-styling  avia-builder-el-3  el_after_av_section  avia-builder-el-last  avia-bg-style-scroll container_wrap fullsize'  ><div class='container av-section-cont-open' ><div class='template-page content  av-content-full alpha units'><div class='post-entry post-entry-type-page post-entry-3469'><div class='entry-content-wrapper clearfix'>\n<section  class='av_textblock_section av-yven1-6724d79972f6e057099181b52337316b '   itemscope=\"itemscope\" itemtype=\"https:\/\/schema.org\/CreativeWork\" ><div class='avia_textblock'  itemprop=\"text\" ><div class=\"breadcrumb breadcrumbs avia-breadcrumbs\"><div class=\"breadcrumb-trail\" ><span class=\"trail-before\"><span class=\"breadcrumb-title\">Du bist hier:<\/span><\/span> <span  itemscope=\"itemscope\" itemtype=\"https:\/\/schema.org\/BreadcrumbList\" ><span  itemscope=\"itemscope\" itemtype=\"https:\/\/schema.org\/ListItem\" itemprop=\"itemListElement\" ><a itemprop=\"url\" href=\"https:\/\/www.klimmer-group.com\/de\/\" title=\"Klimmer Group\" rel=\"home\" class=\"trail-begin\"><span itemprop=\"name\">Startseite<\/span><\/a><span itemprop=\"position\" class=\"hidden\">1<\/span><\/span><\/span><\/div><\/div>\n<\/div><\/section>\n<div class='flex_column_table av-ow2ol-43fae4bce2dd32d69c09f8b4f8514543 sc-av_one_half av-equal-height-column-flextable'>\n<style type=\"text\/css\" data-created_by=\"avia_inline_auto\" id=\"style-css-av-ow2ol-43fae4bce2dd32d69c09f8b4f8514543\">\n.flex_column.av-ow2ol-43fae4bce2dd32d69c09f8b4f8514543{\nborder-radius:0px 0px 0px 0px;\npadding:0px 0px 0px 0px;\n}\n<\/style>\n<div  class='flex_column av-ow2ol-43fae4bce2dd32d69c09f8b4f8514543 av_one_half  avia-builder-el-5  el_after_av_textblock  el_before_av_one_half  first flex_column_table_cell av-equal-height-column av-align-top av-zero-column-padding  column-top-margin'     ><p>\n<style type=\"text\/css\" data-created_by=\"avia_inline_auto\" id=\"style-css-av-n1hb1-a0c00f720b2973837652316d23dbb031\">\n#top .hr.av-n1hb1-a0c00f720b2973837652316d23dbb031{\nmargin-top:0px;\nmargin-bottom:0px;\n}\n.hr.av-n1hb1-a0c00f720b2973837652316d23dbb031 .hr-inner{\nwidth:100%;\nborder-color:#1e80c2;\n}\n<\/style>\n<div  id=\"custom-hr-line-blue\"  class='hr av-n1hb1-a0c00f720b2973837652316d23dbb031 hr-custom  avia-builder-el-6  el_before_av_heading  avia-builder-el-first  hr-center hr-icon-no'><span class='hr-inner inner-border-av-border-fat'><span class=\"hr-inner-style\"><\/span><\/span><\/div><br \/>\n\n<style type=\"text\/css\" data-created_by=\"avia_inline_auto\" id=\"style-css-av-kl19q6wl-61da39b6f6b8af6ff852aa921c89de01\">\n#top .av-special-heading.av-kl19q6wl-61da39b6f6b8af6ff852aa921c89de01{\npadding-bottom:10px;\n}\nbody .av-special-heading.av-kl19q6wl-61da39b6f6b8af6ff852aa921c89de01 .av-special-heading-tag .heading-char{\nfont-size:25px;\n}\n.av-special-heading.av-kl19q6wl-61da39b6f6b8af6ff852aa921c89de01 .av-subheading{\nfont-size:15px;\n}\n<\/style>\n<div  id=\"heading-no-top\"  class='av-special-heading av-kl19q6wl-61da39b6f6b8af6ff852aa921c89de01 av-special-heading-h4 blockquote modern-quote  avia-builder-el-7  el_after_av_hr  avia-builder-el-last '><h4 class='av-special-heading-tag '  itemprop=\"headline\"  >Allgemeine Gesch\u00e4ftsbedingungen.<\/h4><div class=\"special-heading-border\"><div class=\"special-heading-inner-border\"><\/div><\/div><\/div><\/p><\/div><div class='av-flex-placeholder'><\/div>\n<style type=\"text\/css\" data-created_by=\"avia_inline_auto\" id=\"style-css-av-hsb4d-1ddbc8c0e01bb1e38474efb85daf6307\">\n.flex_column.av-hsb4d-1ddbc8c0e01bb1e38474efb85daf6307{\nborder-radius:0px 0px 0px 0px;\npadding:0px 0px 0px 0px;\n}\n<\/style>\n<div  class='flex_column av-hsb4d-1ddbc8c0e01bb1e38474efb85daf6307 av_one_half  avia-builder-el-8  el_after_av_one_half  el_before_av_one_half  flex_column_table_cell av-equal-height-column av-align-top av-zero-column-padding  column-top-margin'     ><\/div><\/div><!--close column table wrapper. Autoclose: 1 -->\n<style type=\"text\/css\" data-created_by=\"avia_inline_auto\" id=\"style-css-av-8cswd-abccaa98660f7e2339ee2e2f53c949d8\">\n.flex_column.av-8cswd-abccaa98660f7e2339ee2e2f53c949d8{\nborder-radius:0px 0px 0px 0px;\npadding:0px 0px 0px 0px;\n}\n<\/style>\n<div  class='flex_column av-8cswd-abccaa98660f7e2339ee2e2f53c949d8 av_one_half  avia-builder-el-9  el_after_av_one_half  avia-builder-el-last  first flex_column_div av-zero-column-padding  column-top-margin'     ><section  class='av_textblock_section av-kl1a2nwk-ae2bc801896741d4198073b042452794 '   itemscope=\"itemscope\" itemtype=\"https:\/\/schema.org\/CreativeWork\" ><div class='avia_textblock'  itemprop=\"text\" ><p><strong>AGB.<\/strong><\/p>\n<p>Die nachfolgenden Gesch\u00e4ftsbedingungen gelten f\u00fcr Vertr\u00e4ge mit den rechtlich eigenst\u00e4ndigen Unternehmen unter der Dachmarke der Klimmer Group.<\/p>\n<p><a href=\"https:\/\/www.klimmer-group.com\/wp-content\/uploads\/2026\/03\/260311_Klimmer-Group_Allgemeine-Verkaufsbedingungen_DE_rl.pdf\" target=\"_blank\" rel=\"noopener\">AGB Klimmer Group<\/a><\/p>\n<\/div><\/section><\/div>\n","protected":false},"excerpt":{"rendered":"","protected":false},"author":2,"featured_media":0,"parent":0,"menu_order":0,"comment_status":"closed","ping_status":"closed","template":"","meta":{"inline_featured_image":false,"footnotes":""},"class_list":["post-3469","page","type-page","status-publish","hentry"],"yoast_head":"<!-- This site is optimized with the Yoast SEO plugin v26.6 - https:\/\/yoast.com\/wordpress\/plugins\/seo\/ -->\n<title>AGB \u2013 Klimmer GROUP<\/title>\n<meta name=\"description\" content=\"AGB Allgemeine Gesch\u00e4ftsbedingungen der rechtlich eigenst\u00e4ndigen Unternehmen unter der Dachmarke der Klimmer Group.\" \/>\n<meta name=\"robots\" content=\"index, follow, max-snippet:-1, max-image-preview:large, max-video-preview:-1\" \/>\n<link rel=\"canonical\" href=\"https:\/\/www.klimmer-group.com\/de\/agb\/\" \/>\n<meta property=\"og:locale\" content=\"de_DE\" \/>\n<meta property=\"og:type\" content=\"article\" \/>\n<meta property=\"og:title\" content=\"AGB \u2013 Klimmer GROUP\" \/>\n<meta property=\"og:description\" content=\"AGB Allgemeine Gesch\u00e4ftsbedingungen der rechtlich eigenst\u00e4ndigen Unternehmen unter der Dachmarke der Klimmer Group.\" \/>\n<meta property=\"og:url\" content=\"https:\/\/www.klimmer-group.com\/de\/agb\/\" \/>\n<meta property=\"og:site_name\" content=\"Klimmer Group\" \/>\n<meta property=\"article:modified_time\" content=\"2026-03-12T10:45:38+00:00\" \/>\n<meta name=\"twitter:card\" content=\"summary_large_image\" \/>\n<meta name=\"twitter:label1\" content=\"Gesch\u00e4tzte Lesezeit\" \/>\n\t<meta name=\"twitter:data1\" content=\"1\u00a0Minute\" \/>\n<script type=\"application\/ld+json\" class=\"yoast-schema-graph\">{\"@context\":\"https:\/\/schema.org\",\"@graph\":[{\"@type\":\"WebPage\",\"@id\":\"https:\/\/www.klimmer-group.com\/de\/agb\/\",\"url\":\"https:\/\/www.klimmer-group.com\/de\/agb\/\",\"name\":\"AGB \u2013 Klimmer GROUP\",\"isPartOf\":{\"@id\":\"https:\/\/www.klimmer-group.com\/de\/#website\"},\"datePublished\":\"2026-03-12T10:28:15+00:00\",\"dateModified\":\"2026-03-12T10:45:38+00:00\",\"description\":\"AGB Allgemeine Gesch\u00e4ftsbedingungen der rechtlich eigenst\u00e4ndigen Unternehmen unter der Dachmarke der Klimmer Group.\",\"breadcrumb\":{\"@id\":\"https:\/\/www.klimmer-group.com\/de\/agb\/#breadcrumb\"},\"inLanguage\":\"de\",\"potentialAction\":[{\"@type\":\"ReadAction\",\"target\":[\"https:\/\/www.klimmer-group.com\/de\/agb\/\"]}]},{\"@type\":\"BreadcrumbList\",\"@id\":\"https:\/\/www.klimmer-group.com\/de\/agb\/#breadcrumb\",\"itemListElement\":[{\"@type\":\"ListItem\",\"position\":1,\"name\":\"Startseite\",\"item\":\"https:\/\/www.klimmer-group.com\/de\/homenew\/\"},{\"@type\":\"ListItem\",\"position\":2,\"name\":\"AGB.\"}]},{\"@type\":\"WebSite\",\"@id\":\"https:\/\/www.klimmer-group.com\/de\/#website\",\"url\":\"https:\/\/www.klimmer-group.com\/de\/\",\"name\":\"Klimmer Group\",\"description\":\"\",\"potentialAction\":[{\"@type\":\"SearchAction\",\"target\":{\"@type\":\"EntryPoint\",\"urlTemplate\":\"https:\/\/www.klimmer-group.com\/de\/?s={search_term_string}\"},\"query-input\":{\"@type\":\"PropertyValueSpecification\",\"valueRequired\":true,\"valueName\":\"search_term_string\"}}],\"inLanguage\":\"de\"}]}<\/script>\n<!-- \/ Yoast SEO plugin. -->","yoast_head_json":{"title":"AGB \u2013 Klimmer GROUP","description":"AGB Allgemeine Gesch\u00e4ftsbedingungen der rechtlich eigenst\u00e4ndigen Unternehmen unter der Dachmarke der Klimmer Group.","robots":{"index":"index","follow":"follow","max-snippet":"max-snippet:-1","max-image-preview":"max-image-preview:large","max-video-preview":"max-video-preview:-1"},"canonical":"https:\/\/www.klimmer-group.com\/de\/agb\/","og_locale":"de_DE","og_type":"article","og_title":"AGB \u2013 Klimmer GROUP","og_description":"AGB Allgemeine Gesch\u00e4ftsbedingungen der rechtlich eigenst\u00e4ndigen Unternehmen unter der Dachmarke der Klimmer Group.","og_url":"https:\/\/www.klimmer-group.com\/de\/agb\/","og_site_name":"Klimmer Group","article_modified_time":"2026-03-12T10:45:38+00:00","twitter_card":"summary_large_image","twitter_misc":{"Gesch\u00e4tzte Lesezeit":"1\u00a0Minute"},"schema":{"@context":"https:\/\/schema.org","@graph":[{"@type":"WebPage","@id":"https:\/\/www.klimmer-group.com\/de\/agb\/","url":"https:\/\/www.klimmer-group.com\/de\/agb\/","name":"AGB \u2013 Klimmer GROUP","isPartOf":{"@id":"https:\/\/www.klimmer-group.com\/de\/#website"},"datePublished":"2026-03-12T10:28:15+00:00","dateModified":"2026-03-12T10:45:38+00:00","description":"AGB Allgemeine Gesch\u00e4ftsbedingungen der rechtlich eigenst\u00e4ndigen Unternehmen unter der Dachmarke der Klimmer Group.","breadcrumb":{"@id":"https:\/\/www.klimmer-group.com\/de\/agb\/#breadcrumb"},"inLanguage":"de","potentialAction":[{"@type":"ReadAction","target":["https:\/\/www.klimmer-group.com\/de\/agb\/"]}]},{"@type":"BreadcrumbList","@id":"https:\/\/www.klimmer-group.com\/de\/agb\/#breadcrumb","itemListElement":[{"@type":"ListItem","position":1,"name":"Startseite","item":"https:\/\/www.klimmer-group.com\/de\/homenew\/"},{"@type":"ListItem","position":2,"name":"AGB."}]},{"@type":"WebSite","@id":"https:\/\/www.klimmer-group.com\/de\/#website","url":"https:\/\/www.klimmer-group.com\/de\/","name":"Klimmer Group","description":"","potentialAction":[{"@type":"SearchAction","target":{"@type":"EntryPoint","urlTemplate":"https:\/\/www.klimmer-group.com\/de\/?s={search_term_string}"},"query-input":{"@type":"PropertyValueSpecification","valueRequired":true,"valueName":"search_term_string"}}],"inLanguage":"de"}]}},"_links":{"self":[{"href":"https:\/\/www.klimmer-group.com\/de\/wp-json\/wp\/v2\/pages\/3469","targetHints":{"allow":["GET"]}}],"collection":[{"href":"https:\/\/www.klimmer-group.com\/de\/wp-json\/wp\/v2\/pages"}],"about":[{"href":"https:\/\/www.klimmer-group.com\/de\/wp-json\/wp\/v2\/types\/page"}],"author":[{"embeddable":true,"href":"https:\/\/www.klimmer-group.com\/de\/wp-json\/wp\/v2\/users\/2"}],"replies":[{"embeddable":true,"href":"https:\/\/www.klimmer-group.com\/de\/wp-json\/wp\/v2\/comments?post=3469"}],"version-history":[{"count":4,"href":"https:\/\/www.klimmer-group.com\/de\/wp-json\/wp\/v2\/pages\/3469\/revisions"}],"predecessor-version":[{"id":3487,"href":"https:\/\/www.klimmer-group.com\/de\/wp-json\/wp\/v2\/pages\/3469\/revisions\/3487"}],"wp:attachment":[{"href":"https:\/\/www.klimmer-group.com\/de\/wp-json\/wp\/v2\/media?parent=3469"}],"curies":[{"name":"wp","href":"https:\/\/api.w.org\/{rel}","templated":true}]}}