{"id":2887,"date":"2024-07-04T18:15:01","date_gmt":"2024-07-04T16:15:01","guid":{"rendered":"https:\/\/www.klimmer-group.com\/?page_id=2887"},"modified":"2024-07-04T18:15:01","modified_gmt":"2024-07-04T16:15:01","slug":"haftungsausschluss","status":"publish","type":"page","link":"https:\/\/www.klimmer-group.com\/de\/haftungsausschluss\/","title":{"rendered":"Haftungsausschluss."},"content":{"rendered":"\n<style type=\"text\/css\" data-created_by=\"avia_inline_auto\" id=\"style-css-av-kl19pfep-2459710022a834173d8b7bcffca5226d\">\n.avia-section.av-kl19pfep-2459710022a834173d8b7bcffca5226d{\nbackground-repeat:no-repeat;\nbackground-image:url(https:\/\/www.klimmer-group.com\/wp-content\/uploads\/2021\/04\/Klimmergroup.jpg);\nbackground-position:50% 50%;\nbackground-attachment:scroll;\n}\n<\/style>\n<div id='special-teaser-section'  class='avia-section av-kl19pfep-2459710022a834173d8b7bcffca5226d main_color avia-section-default avia-no-border-styling  avia-builder-el-0  el_before_av_section  avia-builder-el-first  avia-full-stretch avia-bg-style-scroll av-minimum-height av-minimum-height-custom av-height-custom  container_wrap fullsize'  data-section-bg-repeat='stretch' data-av_minimum_height_px='600'><div class='container av-section-cont-open' style='height:600px'><main  role=\"main\" itemprop=\"mainContentOfPage\"  class='template-page content  av-content-full alpha units'><div class='post-entry post-entry-type-page post-entry-2887'><div class='entry-content-wrapper clearfix'>\n\n<style type=\"text\/css\" data-created_by=\"avia_inline_auto\" id=\"style-css-av-19drs5-58eedc59265c80df959b74971e665695\">\n.flex_column.av-19drs5-58eedc59265c80df959b74971e665695{\nborder-radius:0px 0px 0px 0px;\npadding:0px 0px 0px 0px;\n}\n<\/style>\n<div  id=\"special-teaser\"  class='flex_column av-19drs5-58eedc59265c80df959b74971e665695 av_one_full  avia-builder-el-1  avia-builder-el-no-sibling  first flex_column_div av-zero-column-padding  '     ><style type=\"text\/css\" data-created_by=\"avia_inline_auto\" id=\"style-css-av-kl19oq4f-0b1c0bc968040dce421dd988493d8e75\">\n#top .av-special-heading.av-kl19oq4f-0b1c0bc968040dce421dd988493d8e75{\npadding-bottom:10px;\n}\nbody .av-special-heading.av-kl19oq4f-0b1c0bc968040dce421dd988493d8e75 .av-special-heading-tag .heading-char{\nfont-size:25px;\n}\n.av-special-heading.av-kl19oq4f-0b1c0bc968040dce421dd988493d8e75 .av-subheading{\nfont-size:15px;\n}\n<\/style>\n<div  id=\"teaser-headline\"  class='av-special-heading av-kl19oq4f-0b1c0bc968040dce421dd988493d8e75 av-special-heading-h1 blockquote modern-quote  avia-builder-el-2  avia-builder-el-no-sibling '><h1 class='av-special-heading-tag '  itemprop=\"headline\"  >Haftungsausschluss.<\/h1><div class=\"special-heading-border\"><div class=\"special-heading-inner-border\"><\/div><\/div><\/div><\/div><\/div><\/div><\/main><!-- close content main element --><\/div><\/div><div id='av_section_2'  class='avia-section av-3ojst-7aad87f93885d5a245fe1d086aa2fb53 main_color avia-section-default avia-no-border-styling  avia-builder-el-3  el_after_av_section  avia-builder-el-last  avia-bg-style-scroll container_wrap fullsize'  ><div class='container av-section-cont-open' ><div class='template-page content  av-content-full alpha units'><div class='post-entry post-entry-type-page post-entry-2887'><div class='entry-content-wrapper clearfix'>\n<section  class='av_textblock_section av-yven1-6724d79972f6e057099181b52337316b '   itemscope=\"itemscope\" itemtype=\"https:\/\/schema.org\/CreativeWork\" ><div class='avia_textblock'  itemprop=\"text\" ><div class=\"breadcrumb breadcrumbs avia-breadcrumbs\"><div class=\"breadcrumb-trail\" ><span class=\"trail-before\"><span class=\"breadcrumb-title\">Du bist hier:<\/span><\/span> <span  itemscope=\"itemscope\" itemtype=\"https:\/\/schema.org\/BreadcrumbList\" ><span  itemscope=\"itemscope\" itemtype=\"https:\/\/schema.org\/ListItem\" itemprop=\"itemListElement\" ><a itemprop=\"url\" href=\"https:\/\/www.klimmer-group.com\/de\/\" title=\"Klimmer Group\" rel=\"home\" class=\"trail-begin\"><span itemprop=\"name\">Startseite<\/span><\/a><span itemprop=\"position\" class=\"hidden\">1<\/span><\/span><\/span><\/div><\/div>\n<\/div><\/section>\n<div class='flex_column_table av-ow2ol-43fae4bce2dd32d69c09f8b4f8514543 sc-av_one_half av-equal-height-column-flextable'>\n<style type=\"text\/css\" data-created_by=\"avia_inline_auto\" id=\"style-css-av-ow2ol-43fae4bce2dd32d69c09f8b4f8514543\">\n.flex_column.av-ow2ol-43fae4bce2dd32d69c09f8b4f8514543{\nborder-radius:0px 0px 0px 0px;\npadding:0px 0px 0px 0px;\n}\n<\/style>\n<div  class='flex_column av-ow2ol-43fae4bce2dd32d69c09f8b4f8514543 av_one_half  avia-builder-el-5  el_after_av_textblock  el_before_av_one_half  first flex_column_table_cell av-equal-height-column av-align-top av-zero-column-padding  column-top-margin'     ><p>\n<style type=\"text\/css\" data-created_by=\"avia_inline_auto\" id=\"style-css-av-n1hb1-a0c00f720b2973837652316d23dbb031\">\n#top .hr.av-n1hb1-a0c00f720b2973837652316d23dbb031{\nmargin-top:0px;\nmargin-bottom:0px;\n}\n.hr.av-n1hb1-a0c00f720b2973837652316d23dbb031 .hr-inner{\nwidth:100%;\nborder-color:#1e80c2;\n}\n<\/style>\n<div  id=\"custom-hr-line-blue\"  class='hr av-n1hb1-a0c00f720b2973837652316d23dbb031 hr-custom  avia-builder-el-6  el_before_av_heading  avia-builder-el-first  hr-center hr-icon-no'><span class='hr-inner inner-border-av-border-fat'><span class=\"hr-inner-style\"><\/span><\/span><\/div><br \/>\n\n<style type=\"text\/css\" data-created_by=\"avia_inline_auto\" id=\"style-css-av-kl19q6wl-ccf02ed3cc5ec7e1049bb78626c866e9\">\n#top .av-special-heading.av-kl19q6wl-ccf02ed3cc5ec7e1049bb78626c866e9{\npadding-bottom:10px;\n}\nbody .av-special-heading.av-kl19q6wl-ccf02ed3cc5ec7e1049bb78626c866e9 .av-special-heading-tag .heading-char{\nfont-size:25px;\n}\n.av-special-heading.av-kl19q6wl-ccf02ed3cc5ec7e1049bb78626c866e9 .av-subheading{\nfont-size:15px;\n}\n<\/style>\n<div  id=\"heading-no-top\"  class='av-special-heading av-kl19q6wl-ccf02ed3cc5ec7e1049bb78626c866e9 av-special-heading-h4 blockquote modern-quote  avia-builder-el-7  el_after_av_hr  avia-builder-el-last '><h4 class='av-special-heading-tag '  itemprop=\"headline\"  >Haftungsausschluss.<\/h4><div class=\"special-heading-border\"><div class=\"special-heading-inner-border\"><\/div><\/div><\/div><\/p><\/div><div class='av-flex-placeholder'><\/div>\n<style type=\"text\/css\" data-created_by=\"avia_inline_auto\" id=\"style-css-av-hsb4d-1ddbc8c0e01bb1e38474efb85daf6307\">\n.flex_column.av-hsb4d-1ddbc8c0e01bb1e38474efb85daf6307{\nborder-radius:0px 0px 0px 0px;\npadding:0px 0px 0px 0px;\n}\n<\/style>\n<div  class='flex_column av-hsb4d-1ddbc8c0e01bb1e38474efb85daf6307 av_one_half  avia-builder-el-8  el_after_av_one_half  el_before_av_one_full  flex_column_table_cell av-equal-height-column av-align-top av-zero-column-padding  column-top-margin'     ><\/div><\/div><!--close column table wrapper. Autoclose: 1 -->\n<style type=\"text\/css\" data-created_by=\"avia_inline_auto\" id=\"style-css-av-8cswd-abccaa98660f7e2339ee2e2f53c949d8\">\n.flex_column.av-8cswd-abccaa98660f7e2339ee2e2f53c949d8{\nborder-radius:0px 0px 0px 0px;\npadding:0px 0px 0px 0px;\n}\n<\/style>\n<div  class='flex_column av-8cswd-abccaa98660f7e2339ee2e2f53c949d8 av_one_full  avia-builder-el-9  el_after_av_one_half  avia-builder-el-last  first flex_column_div av-zero-column-padding  column-top-margin'     ><section  class='av_textblock_section av-kl1a2nwk-ae2bc801896741d4198073b042452794 '   itemscope=\"itemscope\" itemtype=\"https:\/\/schema.org\/CreativeWork\" ><div class='avia_textblock'  itemprop=\"text\" ><p><strong>Inhalt des Onlineangebotes.<\/strong><\/p>\n<p>Der Autor \u00fcbernimmt keinerlei Gew\u00e4hr f\u00fcr die Aktualit\u00e4t, Korrektheit, Vollst\u00e4ndigkeit oder Qualit\u00e4t der bereitgestellten Informationen. Haftungsanspr\u00fcche gegen den Autor, welche sich auf Sch\u00e4den materieller oder ideeller Art beziehen, die durch die Nutzung oder Nichtnutzung der dargebotenen Informationen bzw. durch die Nutzung fehlerhafter und unvollst\u00e4ndiger Informationen verursacht wurden, sind grunds\u00e4tzlich ausgeschlossen, sofern seitens des Autors kein nachweislich vors\u00e4tzliches oder grob fahrl\u00e4ssiges Verschulden vorliegt. Alle Angebote sind freibleibend und unverbindlich. Der Autor beh\u00e4lt es sich ausdr\u00fccklich vor, Teile der Seiten oder das gesamte Angebot ohne gesonderte Ank\u00fcndigung zu ver\u00e4ndern, zu erg\u00e4nzen, zu l\u00f6schen oder die Ver\u00f6ffentlichung zeitweise oder endg\u00fcltig einzustellen.<\/p>\n<p><strong>Verweise und Links.<\/strong><\/p>\n<p>Bei direkten oder indirekten Verweisen auf fremde Internetseiten (\u201eLinks\u201c), die au\u00dferhalb des Verantwortungsbereiches des Autors liegen, w\u00fcrde eine Haftungsverpflichtung ausschlie\u00dflich in dem Fall in Kraft treten, in dem der Autor von den Inhalten Kenntnis hat und es ihm technisch m\u00f6glich und zumutbar w\u00e4re, die Nutzung im Falle rechtswidriger Inhalte zu verhindern. Der Autor erkl\u00e4rt hiermit ausdr\u00fccklich, dass zum Zeitpunkt der Linksetzung keine illegalen Inhalte auf den zu verlinkenden Seiten erkennbar waren. Auf die aktuelle und zuk\u00fcnftige Gestaltung, die Inhalte oder die Urheberschaft der gelinkten\/verkn\u00fcpften Seiten hat der Autor keinerlei Einfluss. Deshalb distanziert er sich hiermit ausdr\u00fccklich von allen Inhalten aller gelinkten \/verkn\u00fcpften Seiten, die nach der Linksetzung ver\u00e4ndert wurden. Diese Feststellung gilt f\u00fcr alle innerhalb des eigenen Internetangebotes gesetzten Links und Verweise sowie f\u00fcr Fremdeintr\u00e4ge in vom Autor eingerichteten G\u00e4steb\u00fcchern, Diskussionsforen und Mailinglisten. F\u00fcr illegale, fehlerhafte oder unvollst\u00e4ndige Inhalte und insbesondere f\u00fcr Sch\u00e4den, die aus der Nutzung oder Nichtnutzung solcherart dargebotener Informationen entstehen, haftet allein der Anbieter der Seite, auf welche verwiesen wurde, nicht derjenige, der \u00fcber Links auf die jeweilige Ver\u00f6ffentlichung lediglich verweist.<\/p>\n<p><strong>Urheber- und Kennzeichenrecht.<\/strong><\/p>\n<p>Der Autor ist bestrebt, in allen Publikationen die Urheberrechte der verwendeten Grafiken, Tondokumente, Videosequenzen und Texte zu beachten, von ihm selbst erstellte Grafiken, Tondokumente, Videosequenzen und Texte zu nutzen oder auf lizenzfreie Grafiken, Tondokumente, Videosequenzen und Texte zur\u00fcckzugreifen. Alle innerhalb des Internetangebotes genannten und ggf. durch Dritte gesch\u00fctzten Marken- und Warenzeichen unterliegen uneingeschr\u00e4nkt den Bestimmungen des jeweils g\u00fcltigen Kennzeichenrechts und den Besitzrechten der jeweiligen eingetragenen Eigent\u00fcmer. Allein aufgrund der blo\u00dfen Nennung ist nicht der Schlu\u00df zu ziehen, dass Markenzeichen nicht durch Rechte Dritter gesch\u00fctzt sind! Das Copyright f\u00fcr ver\u00f6ffentlichte, vom Autor selbst erstellte Objekte bleibt allein beim Autor der Seiten. Eine Vervielf\u00e4ltigung oder Verwendung solcher Grafiken, Tondokumente, Videosequenzen und Texte in anderen elektronischen oder gedruckten Publikationen ist ohne ausdr\u00fcckliche Zustimmung des Autors nicht gestattet.<\/p>\n<p><strong>Datenschutz.<\/strong><\/p>\n<p>Sofern innerhalb des Internetangebotes die M\u00f6glichkeit zur Eingabe pers\u00f6nlicher oder gesch\u00e4ftlicher Daten (Emailadressen, Namen, Anschriften) besteht, so erfolgt die Preisgabe dieser Daten seitens des Nutzers auf ausdr\u00fccklich freiwilliger Basis. Die Inanspruchnahme und Bezahlung aller angebotenen Dienste ist \u2013 soweit technisch m\u00f6glich und zumutbar \u2013 auch ohne Angabe solcher Daten bzw. unter Angabe anonymisierter Daten oder eines Pseudonyms gestattet.<\/p>\n<p><strong>Rechtswirksamkeit dieses Haftungsausschlusses.<\/strong><\/p>\n<p>Dieser Haftungsausschluss ist als Teil des Internetangebotes zu betrachten, von dem aus auf diese Seite verwiesen wurde. Sofern Teile oder einzelne Formulierungen dieses Textes der geltenden Rechtslage nicht, nicht mehr oder nicht vollst\u00e4ndig entsprechen sollten, bleiben die \u00fcbrigen Teile des Dokumentes in ihrem Inhalt und ihrer G\u00fcltigkeit davon unber\u00fchrt.<\/p>\n<\/div><\/section><\/div><\/p>\n","protected":false},"excerpt":{"rendered":"","protected":false},"author":2,"featured_media":0,"parent":0,"menu_order":0,"comment_status":"closed","ping_status":"closed","template":"","meta":{"inline_featured_image":false,"footnotes":""},"class_list":["post-2887","page","type-page","status-publish","hentry"],"yoast_head":"<!-- This site is optimized with the Yoast SEO plugin v26.6 - https:\/\/yoast.com\/wordpress\/plugins\/seo\/ -->\n<title>Haftungsausschluss \u2013 Klimmer GROUP<\/title>\n<meta name=\"description\" content=\"Ernst Klimmer GmbH, Gesch\u00e4ftsf\u00fchrung: Torsten Klimmer | Florian Demeter. Konzeption, Design &amp; Programmierung: Agentur BAUR KG.\" \/>\n<meta name=\"robots\" content=\"index, follow, max-snippet:-1, max-image-preview:large, max-video-preview:-1\" \/>\n<link rel=\"canonical\" href=\"https:\/\/www.klimmer-group.com\/de\/haftungsausschluss\/\" \/>\n<meta property=\"og:locale\" content=\"de_DE\" \/>\n<meta property=\"og:type\" content=\"article\" \/>\n<meta property=\"og:title\" content=\"Haftungsausschluss \u2013 Klimmer GROUP\" \/>\n<meta property=\"og:description\" content=\"Ernst Klimmer GmbH, Gesch\u00e4ftsf\u00fchrung: Torsten Klimmer | Florian Demeter. Konzeption, Design &amp; Programmierung: Agentur BAUR KG.\" \/>\n<meta property=\"og:url\" content=\"https:\/\/www.klimmer-group.com\/de\/haftungsausschluss\/\" \/>\n<meta property=\"og:site_name\" content=\"Klimmer Group\" \/>\n<meta name=\"twitter:card\" content=\"summary_large_image\" \/>\n<meta name=\"twitter:label1\" content=\"Gesch\u00e4tzte Lesezeit\" \/>\n\t<meta name=\"twitter:data1\" content=\"3\u00a0Minuten\" \/>\n<script type=\"application\/ld+json\" class=\"yoast-schema-graph\">{\"@context\":\"https:\/\/schema.org\",\"@graph\":[{\"@type\":\"WebPage\",\"@id\":\"https:\/\/www.klimmer-group.com\/de\/haftungsausschluss\/\",\"url\":\"https:\/\/www.klimmer-group.com\/de\/haftungsausschluss\/\",\"name\":\"Haftungsausschluss \u2013 Klimmer GROUP\",\"isPartOf\":{\"@id\":\"https:\/\/www.klimmer-group.com\/de\/#website\"},\"datePublished\":\"2024-07-04T16:15:01+00:00\",\"description\":\"Ernst Klimmer GmbH, Gesch\u00e4ftsf\u00fchrung: Torsten Klimmer | Florian Demeter. Konzeption, Design & Programmierung: Agentur BAUR KG.\",\"breadcrumb\":{\"@id\":\"https:\/\/www.klimmer-group.com\/de\/haftungsausschluss\/#breadcrumb\"},\"inLanguage\":\"de\",\"potentialAction\":[{\"@type\":\"ReadAction\",\"target\":[\"https:\/\/www.klimmer-group.com\/de\/haftungsausschluss\/\"]}]},{\"@type\":\"BreadcrumbList\",\"@id\":\"https:\/\/www.klimmer-group.com\/de\/haftungsausschluss\/#breadcrumb\",\"itemListElement\":[{\"@type\":\"ListItem\",\"position\":1,\"name\":\"Startseite\",\"item\":\"https:\/\/www.klimmer-group.com\/de\/homenew\/\"},{\"@type\":\"ListItem\",\"position\":2,\"name\":\"Haftungsausschluss.\"}]},{\"@type\":\"WebSite\",\"@id\":\"https:\/\/www.klimmer-group.com\/de\/#website\",\"url\":\"https:\/\/www.klimmer-group.com\/de\/\",\"name\":\"Klimmer Group\",\"description\":\"\",\"potentialAction\":[{\"@type\":\"SearchAction\",\"target\":{\"@type\":\"EntryPoint\",\"urlTemplate\":\"https:\/\/www.klimmer-group.com\/de\/?s={search_term_string}\"},\"query-input\":{\"@type\":\"PropertyValueSpecification\",\"valueRequired\":true,\"valueName\":\"search_term_string\"}}],\"inLanguage\":\"de\"}]}<\/script>\n<!-- \/ Yoast SEO plugin. -->","yoast_head_json":{"title":"Haftungsausschluss \u2013 Klimmer GROUP","description":"Ernst Klimmer GmbH, Gesch\u00e4ftsf\u00fchrung: Torsten Klimmer | Florian Demeter. Konzeption, Design & Programmierung: Agentur BAUR KG.","robots":{"index":"index","follow":"follow","max-snippet":"max-snippet:-1","max-image-preview":"max-image-preview:large","max-video-preview":"max-video-preview:-1"},"canonical":"https:\/\/www.klimmer-group.com\/de\/haftungsausschluss\/","og_locale":"de_DE","og_type":"article","og_title":"Haftungsausschluss \u2013 Klimmer GROUP","og_description":"Ernst Klimmer GmbH, Gesch\u00e4ftsf\u00fchrung: Torsten Klimmer | Florian Demeter. Konzeption, Design & Programmierung: Agentur BAUR KG.","og_url":"https:\/\/www.klimmer-group.com\/de\/haftungsausschluss\/","og_site_name":"Klimmer Group","twitter_card":"summary_large_image","twitter_misc":{"Gesch\u00e4tzte Lesezeit":"3\u00a0Minuten"},"schema":{"@context":"https:\/\/schema.org","@graph":[{"@type":"WebPage","@id":"https:\/\/www.klimmer-group.com\/de\/haftungsausschluss\/","url":"https:\/\/www.klimmer-group.com\/de\/haftungsausschluss\/","name":"Haftungsausschluss \u2013 Klimmer GROUP","isPartOf":{"@id":"https:\/\/www.klimmer-group.com\/de\/#website"},"datePublished":"2024-07-04T16:15:01+00:00","description":"Ernst Klimmer GmbH, Gesch\u00e4ftsf\u00fchrung: Torsten Klimmer | Florian Demeter. Konzeption, Design & Programmierung: Agentur BAUR KG.","breadcrumb":{"@id":"https:\/\/www.klimmer-group.com\/de\/haftungsausschluss\/#breadcrumb"},"inLanguage":"de","potentialAction":[{"@type":"ReadAction","target":["https:\/\/www.klimmer-group.com\/de\/haftungsausschluss\/"]}]},{"@type":"BreadcrumbList","@id":"https:\/\/www.klimmer-group.com\/de\/haftungsausschluss\/#breadcrumb","itemListElement":[{"@type":"ListItem","position":1,"name":"Startseite","item":"https:\/\/www.klimmer-group.com\/de\/homenew\/"},{"@type":"ListItem","position":2,"name":"Haftungsausschluss."}]},{"@type":"WebSite","@id":"https:\/\/www.klimmer-group.com\/de\/#website","url":"https:\/\/www.klimmer-group.com\/de\/","name":"Klimmer Group","description":"","potentialAction":[{"@type":"SearchAction","target":{"@type":"EntryPoint","urlTemplate":"https:\/\/www.klimmer-group.com\/de\/?s={search_term_string}"},"query-input":{"@type":"PropertyValueSpecification","valueRequired":true,"valueName":"search_term_string"}}],"inLanguage":"de"}]}},"_links":{"self":[{"href":"https:\/\/www.klimmer-group.com\/de\/wp-json\/wp\/v2\/pages\/2887","targetHints":{"allow":["GET"]}}],"collection":[{"href":"https:\/\/www.klimmer-group.com\/de\/wp-json\/wp\/v2\/pages"}],"about":[{"href":"https:\/\/www.klimmer-group.com\/de\/wp-json\/wp\/v2\/types\/page"}],"author":[{"embeddable":true,"href":"https:\/\/www.klimmer-group.com\/de\/wp-json\/wp\/v2\/users\/2"}],"replies":[{"embeddable":true,"href":"https:\/\/www.klimmer-group.com\/de\/wp-json\/wp\/v2\/comments?post=2887"}],"version-history":[{"count":2,"href":"https:\/\/www.klimmer-group.com\/de\/wp-json\/wp\/v2\/pages\/2887\/revisions"}],"predecessor-version":[{"id":2892,"href":"https:\/\/www.klimmer-group.com\/de\/wp-json\/wp\/v2\/pages\/2887\/revisions\/2892"}],"wp:attachment":[{"href":"https:\/\/www.klimmer-group.com\/de\/wp-json\/wp\/v2\/media?parent=2887"}],"curies":[{"name":"wp","href":"https:\/\/api.w.org\/{rel}","templated":true}]}}