{"id":2592,"date":"2023-04-04T15:52:34","date_gmt":"2023-04-04T13:52:34","guid":{"rendered":"https:\/\/www.klimmer-group.com\/?page_id=2592"},"modified":"2026-03-24T10:17:20","modified_gmt":"2026-03-24T09:17:20","slug":"arbeiten-jobangebote","status":"publish","type":"page","link":"https:\/\/www.klimmer-group.com\/de\/arbeiten-jobangebote\/","title":{"rendered":"Stellenangebote"},"content":{"rendered":"\n<style type=\"text\/css\" data-created_by=\"avia_inline_auto\" id=\"style-css-av-m3d5f0m0-1e20186c0e54e309aef210efe85ab275\">\n.avia-section.av-m3d5f0m0-1e20186c0e54e309aef210efe85ab275{\nbackground-repeat:no-repeat;\nbackground-image:url(https:\/\/www.klimmer-group.com\/wp-content\/uploads\/2024\/03\/Group_Karriere_Top_Banner_1940x600.jpg);\nbackground-position:50% 50%;\nbackground-attachment:scroll;\n}\n<\/style>\n<div id='special-teaser-section'  class='avia-section av-m3d5f0m0-1e20186c0e54e309aef210efe85ab275 main_color avia-section-default avia-no-border-styling  avia-builder-el-0  el_before_av_section  avia-builder-el-first  av-small-hide av-mini-hide avia-full-stretch avia-bg-style-scroll av-minimum-height av-minimum-height-custom av-height-custom  container_wrap fullsize'  data-section-bg-repeat='stretch' data-av_minimum_height_px='600'><div class='container av-section-cont-open' style='height:600px'><main  role=\"main\" itemprop=\"mainContentOfPage\"  class='template-page content  av-content-full alpha units'><div class='post-entry post-entry-type-page post-entry-2592'><div class='entry-content-wrapper clearfix'>\n\n<style type=\"text\/css\" data-created_by=\"avia_inline_auto\" id=\"style-css-av-2msoxs-b35975156360446097a2cc0b9fe970cb\">\n.flex_column.av-2msoxs-b35975156360446097a2cc0b9fe970cb{\nborder-radius:0px 0px 0px 0px;\npadding:0px 0px 0px 0px;\n}\n<\/style>\n<div  id=\"special-teaser\"  class='flex_column av-2msoxs-b35975156360446097a2cc0b9fe970cb av_one_full  avia-builder-el-1  avia-builder-el-no-sibling  first flex_column_div av-zero-column-padding  '     ><style type=\"text\/css\" data-created_by=\"avia_inline_auto\" id=\"style-css-av-m3d5dq6o-e3aaf5b680d77a175b53364426080e29\">\n#top .av-special-heading.av-m3d5dq6o-e3aaf5b680d77a175b53364426080e29{\npadding-bottom:10px;\n}\nbody .av-special-heading.av-m3d5dq6o-e3aaf5b680d77a175b53364426080e29 .av-special-heading-tag .heading-char{\nfont-size:25px;\n}\n.av-special-heading.av-m3d5dq6o-e3aaf5b680d77a175b53364426080e29 .av-subheading{\nfont-size:15px;\n}\n<\/style>\n<div  id=\"teaser-headline\"  class='av-special-heading av-m3d5dq6o-e3aaf5b680d77a175b53364426080e29 av-special-heading-h1 blockquote modern-quote  avia-builder-el-2  avia-builder-el-no-sibling '><h1 class='av-special-heading-tag '  itemprop=\"headline\"  >Aktuelle Stellenangebote.<\/h1><div class=\"special-heading-border\"><div class=\"special-heading-inner-border\"><\/div><\/div><\/div><\/div>\n\n<\/div><\/div><\/main><!-- close content main element --><\/div><\/div>\n<style type=\"text\/css\" data-created_by=\"avia_inline_auto\" id=\"style-css-av-mgjcspmq-5c4a5f1cca3f9129495dd032745aec41\">\n.avia-section.av-mgjcspmq-5c4a5f1cca3f9129495dd032745aec41{\nbackground-repeat:no-repeat;\nbackground-image:url(https:\/\/www.klimmer-group.com\/wp-content\/uploads\/2025\/10\/Klimmer-Group_Top_Banner_mobil_998x802.jpg);\nbackground-position:50% 0%;\nbackground-attachment:scroll;\n}\n<\/style>\n<div id='special-teaser-section'  class='avia-section av-mgjcspmq-5c4a5f1cca3f9129495dd032745aec41 main_color avia-section-default avia-no-border-styling  avia-builder-el-3  el_after_av_section  el_before_av_section  av-desktop-hide av-medium-hide avia-full-contain avia-bg-style-scroll av-minimum-height av-minimum-height-custom av-height-custom  container_wrap fullsize'  data-section-bg-repeat='contain' data-av_minimum_height_px='600'><div class='container av-section-cont-open' style='height:600px'><div class='template-page content  av-content-full alpha units'><div class='post-entry post-entry-type-page post-entry-2592'><div class='entry-content-wrapper clearfix'>\n\n<style type=\"text\/css\" data-created_by=\"avia_inline_auto\" id=\"style-css-av-2a9y34-1f0fae7cae5e2ea24f658de048cfc467\">\n.flex_column.av-2a9y34-1f0fae7cae5e2ea24f658de048cfc467{\nborder-radius:0px 0px 0px 0px;\npadding:0px 0px 0px 0px;\n}\n<\/style>\n<div  id=\"special-teaser\"  class='flex_column av-2a9y34-1f0fae7cae5e2ea24f658de048cfc467 av_one_full  avia-builder-el-4  avia-builder-el-no-sibling  first flex_column_div av-zero-column-padding  '     ><style type=\"text\/css\" data-created_by=\"avia_inline_auto\" id=\"style-css-av-mgjcsbm5-2c191a60ee8428dcd5fd8c2dc988c3a1\">\n#top .av-special-heading.av-mgjcsbm5-2c191a60ee8428dcd5fd8c2dc988c3a1{\npadding-bottom:10px;\n}\nbody .av-special-heading.av-mgjcsbm5-2c191a60ee8428dcd5fd8c2dc988c3a1 .av-special-heading-tag .heading-char{\nfont-size:25px;\n}\n.av-special-heading.av-mgjcsbm5-2c191a60ee8428dcd5fd8c2dc988c3a1 .av-subheading{\nfont-size:15px;\n}\n<\/style>\n<div  id=\"teaser-headline\"  class='av-special-heading av-mgjcsbm5-2c191a60ee8428dcd5fd8c2dc988c3a1 av-special-heading-h1 blockquote modern-quote  avia-builder-el-5  avia-builder-el-no-sibling '><h1 class='av-special-heading-tag '  itemprop=\"headline\"  >Aktuelle Stellenangebote.<\/h1><div class=\"special-heading-border\"><div class=\"special-heading-inner-border\"><\/div><\/div><\/div><\/div>\n\n<\/div><\/div><\/div><!-- close content main div --><\/div><\/div><div id='av_section_3'  class='avia-section av-7wi94w-fe08b13ab0589a114593b54510a9510c main_color avia-section-default avia-no-border-styling  avia-builder-el-6  el_after_av_section  el_before_av_section  avia-bg-style-scroll container_wrap fullsize'  ><div class='container av-section-cont-open' ><div class='template-page content  av-content-full alpha units'><div class='post-entry post-entry-type-page post-entry-2592'><div class='entry-content-wrapper clearfix'>\n<div class='flex_column_table av-kx874-cc873b6eba0308604a680ebcfe87dd03 sc-av_one_half av-equal-height-column-flextable'>\n<style type=\"text\/css\" data-created_by=\"avia_inline_auto\" id=\"style-css-av-kx874-cc873b6eba0308604a680ebcfe87dd03\">\n.flex_column.av-kx874-cc873b6eba0308604a680ebcfe87dd03{\nborder-radius:0px 0px 0px 0px;\npadding:0px 0px 0px 0px;\n}\n<\/style>\n<div  class='flex_column av-kx874-cc873b6eba0308604a680ebcfe87dd03 av_one_half  avia-builder-el-7  el_before_av_one_half  avia-builder-el-first  first flex_column_table_cell av-equal-height-column av-align-top av-zero-column-padding  '     ><p>\n<style type=\"text\/css\" data-created_by=\"avia_inline_auto\" id=\"style-css-av-3lajq8-e7c660cd58328548dbf097b2136b290d\">\n#top .hr.av-3lajq8-e7c660cd58328548dbf097b2136b290d{\nmargin-top:0px;\nmargin-bottom:0px;\n}\n.hr.av-3lajq8-e7c660cd58328548dbf097b2136b290d .hr-inner{\nwidth:100%;\nborder-color:#1e80c2;\n}\n<\/style>\n<div  id=\"custom-hr-line-blue\"  class='hr av-3lajq8-e7c660cd58328548dbf097b2136b290d hr-custom  avia-builder-el-8  el_before_av_heading  avia-builder-el-first  hr-center hr-icon-no'><span class='hr-inner inner-border-av-border-fat'><span class=\"hr-inner-style\"><\/span><\/span><\/div><br \/>\n\n<style type=\"text\/css\" data-created_by=\"avia_inline_auto\" id=\"style-css-av-m2irsv1m-ed493a8ddc617441f5e01db2c5bde25f\">\n#top .av-special-heading.av-m2irsv1m-ed493a8ddc617441f5e01db2c5bde25f{\npadding-bottom:10px;\n}\nbody .av-special-heading.av-m2irsv1m-ed493a8ddc617441f5e01db2c5bde25f .av-special-heading-tag .heading-char{\nfont-size:25px;\n}\n.av-special-heading.av-m2irsv1m-ed493a8ddc617441f5e01db2c5bde25f .av-subheading{\nfont-size:15px;\n}\n<\/style>\n<div  id=\"heading-no-top\"  class='av-special-heading av-m2irsv1m-ed493a8ddc617441f5e01db2c5bde25f av-special-heading-h4 blockquote modern-quote  avia-builder-el-9  el_after_av_hr  avia-builder-el-last '><h4 class='av-special-heading-tag '  itemprop=\"headline\"  >STELLENANGEBOTE DER KLIMMER GROUP.<\/h4><div class=\"special-heading-border\"><div class=\"special-heading-inner-border\"><\/div><\/div><\/div><\/p><\/div><div class='av-flex-placeholder'><\/div>\n<style type=\"text\/css\" data-created_by=\"avia_inline_auto\" id=\"style-css-av-2vrhb4-d5686fe2b34d6648023229f2a46d385a\">\n.flex_column.av-2vrhb4-d5686fe2b34d6648023229f2a46d385a{\nborder-radius:0px 0px 0px 0px;\npadding:0px 0px 0px 0px;\n}\n<\/style>\n<div  class='flex_column av-2vrhb4-d5686fe2b34d6648023229f2a46d385a av_one_half  avia-builder-el-10  el_after_av_one_half  avia-builder-el-last  flex_column_table_cell av-equal-height-column av-align-top av-zero-column-padding  '     ><section  class='av_textblock_section av-m2iru5ad-bf5e5e2a21703f917dca0c42a940491a '   itemscope=\"itemscope\" itemtype=\"https:\/\/schema.org\/CreativeWork\" ><div class='avia_textblock'  itemprop=\"text\" ><p>Die Unternehmen der Klimmer Group bieten eine Vielzahl an Arbeitspl\u00e4tzen in den unterschiedlichsten Berufen und Bereichen.<br \/>\nFinden Sie in unserem Stellenportal die passende Stelle und bewerben Sie sich direkt \u00fcber unser Onlineformular.<\/p>\n<p>Die passende Stelle ist nicht dabei? Wir freuen uns auf Ihre Initiativbewerbung.<\/p>\n<\/div><\/section><\/div><\/div><!--close column table wrapper. Autoclose: 1 -->\n\n<\/div><\/div><\/div><!-- close content main div --><\/div><\/div><div id='av_section_4'  class='avia-section av-4a9w9s-db4a2b606019f458856592593575241f main_color avia-section-default avia-no-border-styling  avia-builder-el-12  el_after_av_section  el_before_av_section  avia-bg-style-scroll container_wrap fullsize'  ><div class='container av-section-cont-open' ><div class='template-page content  av-content-full alpha units'><div class='post-entry post-entry-type-page post-entry-2592'><div class='entry-content-wrapper clearfix'>\n<div  class='avia-button-wrap av-lg2grh6v-7a569cdb53869d865f5bb4ba596ef8da-wrap avia-button-left  avia-builder-el-13  el_before_av_codeblock  avia-builder-el-first '><a href='https:\/\/www.klimmer-group.com\/de\/arbeiten\/'  class='avia-button av-lg2grh6v-7a569cdb53869d865f5bb4ba596ef8da av-link-btn avia-icon_select-no avia-size-small avia-position-left avia-color-theme-color'  target=\"_blank\"  rel=\"noopener noreferrer\"  aria-label=\"zur\u00fcck\"><span class='avia_iconbox_title' >zur\u00fcck<\/span><\/a><\/div>\n\n<div  class='avia-button-wrap av-34ozds-67fadb409e992d6ffe2ffb60b7d12877-wrap avia-button-left  avia-builder-el-15  el_after_av_codeblock  avia-builder-el-last '><a href='https:\/\/www.klimmer-group.com\/de\/arbeiten\/'  class='avia-button av-34ozds-67fadb409e992d6ffe2ffb60b7d12877 av-link-btn avia-icon_select-no avia-size-small avia-position-left avia-color-theme-color'  target=\"_blank\"  rel=\"noopener noreferrer\"  aria-label=\"zur\u00fcck\"><span class='avia_iconbox_title' >zur\u00fcck<\/span><\/a><\/div>\n\n<\/div><\/div><\/div><!-- close content main div --><\/div><\/div>\n<style type=\"text\/css\" data-created_by=\"avia_inline_auto\" id=\"style-css-av-566qao-748ac52c730bde79e21457646d93d94e\">\n.avia-section.av-566qao-748ac52c730bde79e21457646d93d94e{\nbackground-color:#d0e1ea;\nbackground-image:unset;\n}\n<\/style>\n<div id='av_section_5'  class='avia-section av-566qao-748ac52c730bde79e21457646d93d94e main_color avia-section-default avia-no-border-styling  avia-builder-el-16  el_after_av_section  el_before_av_section  avia-bg-style-scroll container_wrap fullsize'  ><div class='container av-section-cont-open' ><div class='template-page content  av-content-full alpha units'><div class='post-entry post-entry-type-page post-entry-2592'><div class='entry-content-wrapper clearfix'>\n\n<style type=\"text\/css\" data-created_by=\"avia_inline_auto\" id=\"style-css-av-48bt4g-91f1fef4cfa236725bda10b8e2c24efa\">\n#top .av-special-heading.av-48bt4g-91f1fef4cfa236725bda10b8e2c24efa{\npadding-bottom:10px;\n}\nbody .av-special-heading.av-48bt4g-91f1fef4cfa236725bda10b8e2c24efa .av-special-heading-tag .heading-char{\nfont-size:25px;\n}\n.av-special-heading.av-48bt4g-91f1fef4cfa236725bda10b8e2c24efa .av-subheading{\nfont-size:15px;\n}\n<\/style>\n<div  id=\"specialfont-right\"  class='av-special-heading av-48bt4g-91f1fef4cfa236725bda10b8e2c24efa av-special-heading-h2 blockquote modern-quote modern-centered  avia-builder-el-17  el_before_av_textblock  avia-builder-el-first  zitattext'><h2 class='av-special-heading-tag '  itemprop=\"headline\"  >NEUGIERIG GEWORDEN?<\/h2><div class=\"special-heading-border\"><div class=\"special-heading-inner-border\"><\/div><\/div><\/div>\n<section  class='av_textblock_section av-27h7jk-af2d6591fa8d06b9cddd2ed46896b561 '   itemscope=\"itemscope\" itemtype=\"https:\/\/schema.org\/CreativeWork\" ><div class='avia_textblock'  itemprop=\"text\" ><p style=\"color: #1e80c2 !important; text-align: center;\">Finden Sie die f\u00fcr Sie passende Stelle und bewerben Sie sich jetzt.<\/p>\n<p style=\"color: #1e80c2 !important; text-align: center;\">Nichts passendes f\u00fcr Sie dabei? Wir sind st\u00e4ndig auf der Suche nach entsprechenden Talenten und freuen uns auf Ihre Initiativbewerbung.<\/p>\n<\/div><\/section>\n\n<\/div><\/div><\/div><!-- close content main div --><\/div><\/div><div id='hideme'  class='avia-section av-ljplzsda-5f5f9012856797b98d3be1cee012c9f9 main_color avia-section-default avia-no-border-styling  avia-builder-el-19  el_after_av_section  avia-builder-el-last  avia-bg-style-scroll container_wrap fullsize'  ><div class='container av-section-cont-open' ><div class='template-page content  av-content-full alpha units'><div class='post-entry post-entry-type-page post-entry-2592'><div class='entry-content-wrapper clearfix'>\n\n\n","protected":false},"excerpt":{"rendered":"","protected":false},"author":2,"featured_media":3316,"parent":0,"menu_order":0,"comment_status":"closed","ping_status":"closed","template":"","meta":{"inline_featured_image":false,"footnotes":""},"class_list":["post-2592","page","type-page","status-publish","has-post-thumbnail","hentry"],"yoast_head":"<!-- This site is optimized with the Yoast SEO plugin v26.6 - https:\/\/yoast.com\/wordpress\/plugins\/seo\/ -->\n<title>Klimmer Group<\/title>\n<meta name=\"description\" content=\"Entdecken Sie die vielf\u00e4ltigen Karrierem\u00f6glichkeiten und finden Sie die f\u00fcr Sie passende Stelle. Wir freuen uns auf Ihre Bewerbung.\" \/>\n<meta name=\"robots\" content=\"index, follow, max-snippet:-1, max-image-preview:large, max-video-preview:-1\" \/>\n<link rel=\"canonical\" href=\"https:\/\/www.klimmer-group.com\/de\/arbeiten-jobangebote\/\" \/>\n<meta property=\"og:locale\" content=\"de_DE\" \/>\n<meta property=\"og:type\" content=\"article\" \/>\n<meta property=\"og:title\" content=\"Klimmer Group\" \/>\n<meta property=\"og:description\" content=\"Entdecken Sie die vielf\u00e4ltigen Karrierem\u00f6glichkeiten und finden Sie die f\u00fcr Sie passende Stelle. Wir freuen uns auf Ihre Bewerbung.\" \/>\n<meta property=\"og:url\" content=\"https:\/\/www.klimmer-group.com\/de\/arbeiten-jobangebote\/\" \/>\n<meta property=\"og:site_name\" content=\"Klimmer Group\" \/>\n<meta property=\"article:modified_time\" content=\"2026-03-24T09:17:20+00:00\" \/>\n<meta property=\"og:image\" content=\"https:\/\/www.klimmer-group.com\/wp-content\/uploads\/2025\/10\/Klimmer-Group_Top_Banner_mobil_998x802.jpg\" \/>\n\t<meta property=\"og:image:width\" content=\"998\" \/>\n\t<meta property=\"og:image:height\" content=\"802\" \/>\n\t<meta property=\"og:image:type\" content=\"image\/jpeg\" \/>\n<meta name=\"twitter:card\" content=\"summary_large_image\" \/>\n<meta name=\"twitter:label1\" content=\"Gesch\u00e4tzte Lesezeit\" \/>\n\t<meta name=\"twitter:data1\" content=\"1\u00a0Minute\" \/>\n<script type=\"application\/ld+json\" class=\"yoast-schema-graph\">{\"@context\":\"https:\/\/schema.org\",\"@graph\":[{\"@type\":\"WebPage\",\"@id\":\"https:\/\/www.klimmer-group.com\/de\/arbeiten-jobangebote\/\",\"url\":\"https:\/\/www.klimmer-group.com\/de\/arbeiten-jobangebote\/\",\"name\":\"Klimmer Group\",\"isPartOf\":{\"@id\":\"https:\/\/www.klimmer-group.com\/de\/#website\"},\"primaryImageOfPage\":{\"@id\":\"https:\/\/www.klimmer-group.com\/de\/arbeiten-jobangebote\/#primaryimage\"},\"image\":{\"@id\":\"https:\/\/www.klimmer-group.com\/de\/arbeiten-jobangebote\/#primaryimage\"},\"thumbnailUrl\":\"https:\/\/www.klimmer-group.com\/wp-content\/uploads\/2025\/10\/Klimmer-Group_Top_Banner_mobil_998x802.jpg\",\"datePublished\":\"2023-04-04T13:52:34+00:00\",\"dateModified\":\"2026-03-24T09:17:20+00:00\",\"description\":\"Entdecken Sie die vielf\u00e4ltigen Karrierem\u00f6glichkeiten und finden Sie die f\u00fcr Sie passende Stelle. Wir freuen uns auf Ihre Bewerbung.\",\"breadcrumb\":{\"@id\":\"https:\/\/www.klimmer-group.com\/de\/arbeiten-jobangebote\/#breadcrumb\"},\"inLanguage\":\"de\",\"potentialAction\":[{\"@type\":\"ReadAction\",\"target\":[\"https:\/\/www.klimmer-group.com\/de\/arbeiten-jobangebote\/\"]}]},{\"@type\":\"ImageObject\",\"inLanguage\":\"de\",\"@id\":\"https:\/\/www.klimmer-group.com\/de\/arbeiten-jobangebote\/#primaryimage\",\"url\":\"https:\/\/www.klimmer-group.com\/wp-content\/uploads\/2025\/10\/Klimmer-Group_Top_Banner_mobil_998x802.jpg\",\"contentUrl\":\"https:\/\/www.klimmer-group.com\/wp-content\/uploads\/2025\/10\/Klimmer-Group_Top_Banner_mobil_998x802.jpg\",\"width\":998,\"height\":802,\"caption\":\"Mitarbeitende vor Firmengeb\u00e4ude der Klimmer Group\"},{\"@type\":\"BreadcrumbList\",\"@id\":\"https:\/\/www.klimmer-group.com\/de\/arbeiten-jobangebote\/#breadcrumb\",\"itemListElement\":[{\"@type\":\"ListItem\",\"position\":1,\"name\":\"Startseite\",\"item\":\"https:\/\/www.klimmer-group.com\/de\/homenew\/\"},{\"@type\":\"ListItem\",\"position\":2,\"name\":\"Stellenangebote\"}]},{\"@type\":\"WebSite\",\"@id\":\"https:\/\/www.klimmer-group.com\/de\/#website\",\"url\":\"https:\/\/www.klimmer-group.com\/de\/\",\"name\":\"Klimmer Group\",\"description\":\"\",\"potentialAction\":[{\"@type\":\"SearchAction\",\"target\":{\"@type\":\"EntryPoint\",\"urlTemplate\":\"https:\/\/www.klimmer-group.com\/de\/?s={search_term_string}\"},\"query-input\":{\"@type\":\"PropertyValueSpecification\",\"valueRequired\":true,\"valueName\":\"search_term_string\"}}],\"inLanguage\":\"de\"}]}<\/script>\n<!-- \/ Yoast SEO plugin. -->","yoast_head_json":{"title":"Klimmer Group","description":"Entdecken Sie die vielf\u00e4ltigen Karrierem\u00f6glichkeiten und finden Sie die f\u00fcr Sie passende Stelle. Wir freuen uns auf Ihre Bewerbung.","robots":{"index":"index","follow":"follow","max-snippet":"max-snippet:-1","max-image-preview":"max-image-preview:large","max-video-preview":"max-video-preview:-1"},"canonical":"https:\/\/www.klimmer-group.com\/de\/arbeiten-jobangebote\/","og_locale":"de_DE","og_type":"article","og_title":"Klimmer Group","og_description":"Entdecken Sie die vielf\u00e4ltigen Karrierem\u00f6glichkeiten und finden Sie die f\u00fcr Sie passende Stelle. Wir freuen uns auf Ihre Bewerbung.","og_url":"https:\/\/www.klimmer-group.com\/de\/arbeiten-jobangebote\/","og_site_name":"Klimmer Group","article_modified_time":"2026-03-24T09:17:20+00:00","og_image":[{"width":998,"height":802,"url":"https:\/\/www.klimmer-group.com\/wp-content\/uploads\/2025\/10\/Klimmer-Group_Top_Banner_mobil_998x802.jpg","type":"image\/jpeg"}],"twitter_card":"summary_large_image","twitter_misc":{"Gesch\u00e4tzte Lesezeit":"1\u00a0Minute"},"schema":{"@context":"https:\/\/schema.org","@graph":[{"@type":"WebPage","@id":"https:\/\/www.klimmer-group.com\/de\/arbeiten-jobangebote\/","url":"https:\/\/www.klimmer-group.com\/de\/arbeiten-jobangebote\/","name":"Klimmer Group","isPartOf":{"@id":"https:\/\/www.klimmer-group.com\/de\/#website"},"primaryImageOfPage":{"@id":"https:\/\/www.klimmer-group.com\/de\/arbeiten-jobangebote\/#primaryimage"},"image":{"@id":"https:\/\/www.klimmer-group.com\/de\/arbeiten-jobangebote\/#primaryimage"},"thumbnailUrl":"https:\/\/www.klimmer-group.com\/wp-content\/uploads\/2025\/10\/Klimmer-Group_Top_Banner_mobil_998x802.jpg","datePublished":"2023-04-04T13:52:34+00:00","dateModified":"2026-03-24T09:17:20+00:00","description":"Entdecken Sie die vielf\u00e4ltigen Karrierem\u00f6glichkeiten und finden Sie die f\u00fcr Sie passende Stelle. Wir freuen uns auf Ihre Bewerbung.","breadcrumb":{"@id":"https:\/\/www.klimmer-group.com\/de\/arbeiten-jobangebote\/#breadcrumb"},"inLanguage":"de","potentialAction":[{"@type":"ReadAction","target":["https:\/\/www.klimmer-group.com\/de\/arbeiten-jobangebote\/"]}]},{"@type":"ImageObject","inLanguage":"de","@id":"https:\/\/www.klimmer-group.com\/de\/arbeiten-jobangebote\/#primaryimage","url":"https:\/\/www.klimmer-group.com\/wp-content\/uploads\/2025\/10\/Klimmer-Group_Top_Banner_mobil_998x802.jpg","contentUrl":"https:\/\/www.klimmer-group.com\/wp-content\/uploads\/2025\/10\/Klimmer-Group_Top_Banner_mobil_998x802.jpg","width":998,"height":802,"caption":"Mitarbeitende vor Firmengeb\u00e4ude der Klimmer Group"},{"@type":"BreadcrumbList","@id":"https:\/\/www.klimmer-group.com\/de\/arbeiten-jobangebote\/#breadcrumb","itemListElement":[{"@type":"ListItem","position":1,"name":"Startseite","item":"https:\/\/www.klimmer-group.com\/de\/homenew\/"},{"@type":"ListItem","position":2,"name":"Stellenangebote"}]},{"@type":"WebSite","@id":"https:\/\/www.klimmer-group.com\/de\/#website","url":"https:\/\/www.klimmer-group.com\/de\/","name":"Klimmer Group","description":"","potentialAction":[{"@type":"SearchAction","target":{"@type":"EntryPoint","urlTemplate":"https:\/\/www.klimmer-group.com\/de\/?s={search_term_string}"},"query-input":{"@type":"PropertyValueSpecification","valueRequired":true,"valueName":"search_term_string"}}],"inLanguage":"de"}]}},"_links":{"self":[{"href":"https:\/\/www.klimmer-group.com\/de\/wp-json\/wp\/v2\/pages\/2592","targetHints":{"allow":["GET"]}}],"collection":[{"href":"https:\/\/www.klimmer-group.com\/de\/wp-json\/wp\/v2\/pages"}],"about":[{"href":"https:\/\/www.klimmer-group.com\/de\/wp-json\/wp\/v2\/types\/page"}],"author":[{"embeddable":true,"href":"https:\/\/www.klimmer-group.com\/de\/wp-json\/wp\/v2\/users\/2"}],"replies":[{"embeddable":true,"href":"https:\/\/www.klimmer-group.com\/de\/wp-json\/wp\/v2\/comments?post=2592"}],"version-history":[{"count":39,"href":"https:\/\/www.klimmer-group.com\/de\/wp-json\/wp\/v2\/pages\/2592\/revisions"}],"predecessor-version":[{"id":3500,"href":"https:\/\/www.klimmer-group.com\/de\/wp-json\/wp\/v2\/pages\/2592\/revisions\/3500"}],"wp:featuredmedia":[{"embeddable":true,"href":"https:\/\/www.klimmer-group.com\/de\/wp-json\/wp\/v2\/media\/3316"}],"wp:attachment":[{"href":"https:\/\/www.klimmer-group.com\/de\/wp-json\/wp\/v2\/media?parent=2592"}],"curies":[{"name":"wp","href":"https:\/\/api.w.org\/{rel}","templated":true}]}}